{"id":7,"date":"2026-03-23T21:06:32","date_gmt":"2026-03-23T21:06:32","guid":{"rendered":"https:\/\/retronagrobki.pl\/?page_id=7"},"modified":"2026-03-31T18:26:48","modified_gmt":"2026-03-31T18:26:48","slug":"elementor-7","status":"publish","type":"page","link":"https:\/\/retronagrobki.pl\/?page_id=7","title":{"rendered":"Elementor #7"},"content":{"rendered":"\t\t<div data-elementor-type=\"wp-post\" data-elementor-id=\"7\" class=\"elementor elementor-7\">\n\t\t\t\t<div class=\"elementor-element elementor-element-5c88d6c e-con-full e-flex e-con e-parent\" data-id=\"5c88d6c\" data-element_type=\"container\" data-e-type=\"container\" data-settings=\"{&quot;background_background&quot;:&quot;gradient&quot;}\">\n\t\t<div class=\"elementor-element elementor-element-5a38899 e-con-full e-flex e-con e-child\" data-id=\"5a38899\" data-element_type=\"container\" data-e-type=\"container\">\n\t\t\t\t<div class=\"elementor-element elementor-element-aa3c4b7 elementor-widget elementor-widget-heading\" data-id=\"aa3c4b7\" data-element_type=\"widget\" data-e-type=\"widget\" data-widget_type=\"heading.default\">\n\t\t\t\t\t<h2 class=\"elementor-heading-title elementor-size-default\">Dzie\u0144 dobry Pa\u0144stwu,<\/h2>\t\t\t\t<\/div>\n\t\t\t\t<\/div>\n\t\t<div class=\"elementor-element elementor-element-c7c4c3c e-con-full e-flex e-con e-child\" data-id=\"c7c4c3c\" data-element_type=\"container\" data-e-type=\"container\">\n\t\t\t\t<div class=\"elementor-element elementor-element-d683133 elementor-widget elementor-widget-heading\" data-id=\"d683133\" data-element_type=\"widget\" data-e-type=\"widget\" data-widget_type=\"heading.default\">\n\t\t\t\t\t<h2 class=\"elementor-heading-title elementor-size-default\">Nagrobki Retro<\/h2>\t\t\t\t<\/div>\n\t\t\t\t<\/div>\n\t\t<div class=\"elementor-element elementor-element-d4044c4 e-con-full e-flex e-con e-child\" data-id=\"d4044c4\" data-element_type=\"container\" data-e-type=\"container\">\n\t\t\t\t<div class=\"elementor-element elementor-element-b184e56 elementor-widget elementor-widget-heading\" data-id=\"b184e56\" data-element_type=\"widget\" data-e-type=\"widget\" data-widget_type=\"heading.default\">\n\t\t\t\t\t<h2 class=\"elementor-heading-title elementor-size-default\">Nagrobki Retro oferuj\u0105 swoim klientom pomniki, kt\u00f3re b\u0119d\u0105 \u201e\u017cy\u0107\u201d i b\u0119d\u0105 pi\u0119knie si\u0119 starze\u0107.<\/h2>\t\t\t\t<\/div>\n\t\t\t\t<\/div>\n\t\t<div class=\"elementor-element elementor-element-82f826f e-con-full e-flex e-con e-child\" data-id=\"82f826f\" data-element_type=\"container\" data-e-type=\"container\" data-settings=\"{&quot;background_background&quot;:&quot;classic&quot;}\">\n\t\t\t\t<\/div>\n\t\t<div class=\"elementor-element elementor-element-af5a410 e-flex e-con-boxed e-con e-child\" data-id=\"af5a410\" data-element_type=\"container\" data-e-type=\"container\">\n\t\t\t\t\t<div class=\"e-con-inner\">\n\t\t\t\t<div class=\"elementor-element elementor-element-8523433 elementor-widget elementor-widget-heading\" data-id=\"8523433\" data-element_type=\"widget\" data-e-type=\"widget\" data-widget_type=\"heading.default\">\n\t\t\t\t\t<h2 class=\"elementor-heading-title elementor-size-default\">Do zobaczenia<\/h2>\t\t\t\t<\/div>\n\t\t\t\t\t<\/div>\n\t\t\t\t<\/div>\n\t\t\t\t<\/div>\n\t\t<div class=\"elementor-element elementor-element-c860e1e e-flex e-con-boxed e-con e-parent\" data-id=\"c860e1e\" data-element_type=\"container\" data-e-type=\"container\" data-settings=\"{&quot;background_background&quot;:&quot;classic&quot;}\">\n\t\t\t\t\t<div class=\"e-con-inner\">\n\t\t<div class=\"elementor-element elementor-element-4a5314e e-con-full e-flex e-con e-child\" data-id=\"4a5314e\" data-element_type=\"container\" data-e-type=\"container\">\n\t\t\t\t<div class=\"elementor-element elementor-element-c626c89 elementor-widget elementor-widget-heading\" data-id=\"c626c89\" data-element_type=\"widget\" data-e-type=\"widget\" data-widget_type=\"heading.default\">\n\t\t\t\t\t<h2 class=\"elementor-heading-title elementor-size-default\">Retro Nagrobki bazuj\u0105 na strzegomskim granicie. Wykonujemy je z surowego kamienia\ntechnikami p\u0142omieniowania, piaskowania i \u015brutowania, kt\u00f3re pozwalaj\u0105 odda\u0107 surowe pi\u0119kno\nkamienia.\nFirma dzia\u0142a na terenie wojew\u00f3dztwa dolno\u015bl\u0105skiego i o\u015bciennych.\nCiekawe oferty zrealizujemy r\u00f3wnie\u017c na terenie ca\u0142ej Polski. Nasza oferta obejmuje monta\u017c\ntych\u017ce nagrobk\u00f3w. Wykonujemy wok\u00f3\u0142 pomnik\u00f3w r\u00f3wnie\u017c opaski z rudego kamienia.<\/h2>\t\t\t\t<\/div>\n\t\t\t\t<\/div>\n\t\t<div class=\"elementor-element elementor-element-32598ce e-con-full e-flex e-con e-child\" data-id=\"32598ce\" data-element_type=\"container\" data-e-type=\"container\">\n\t\t\t\t<div class=\"elementor-element elementor-element-a7d2b3c elementor-widget elementor-widget-heading\" data-id=\"a7d2b3c\" data-element_type=\"widget\" data-e-type=\"widget\" data-widget_type=\"heading.default\">\n\t\t\t\t\t<h2 class=\"elementor-heading-title elementor-size-default\">Kontakt\n<\/h2>\t\t\t\t<\/div>\n\t\t\t\t<\/div>\n\t\t<div class=\"elementor-element elementor-element-805eec2 e-con-full e-flex e-con e-child\" data-id=\"805eec2\" data-element_type=\"container\" data-e-type=\"container\">\n\t\t\t\t<div class=\"elementor-element elementor-element-da2efe4 elementor-widget elementor-widget-heading\" data-id=\"da2efe4\" data-element_type=\"widget\" data-e-type=\"widget\" data-widget_type=\"heading.default\">\n\t\t\t\t\t<h2 class=\"elementor-heading-title elementor-size-default\">Telefon: 518\u00a0377\u00a0770 \u2013 prosz\u0119 o smsy<\/h2>\t\t\t\t<\/div>\n\t\t\t\t<\/div>\n\t\t<div class=\"elementor-element elementor-element-306308a e-con-full e-flex e-con e-child\" data-id=\"306308a\" data-element_type=\"container\" data-e-type=\"container\">\n\t\t\t\t<div class=\"elementor-element elementor-element-3bccac3 elementor-widget elementor-widget-heading\" data-id=\"3bccac3\" data-element_type=\"widget\" data-e-type=\"widget\" data-widget_type=\"heading.default\">\n\t\t\t\t\t<h2 class=\"elementor-heading-title elementor-size-default\">Wyceniam pomniki indywidualnie u klienta.\n<\/h2>\t\t\t\t<\/div>\n\t\t\t\t<\/div>\n\t\t<div class=\"elementor-element elementor-element-a6ed067 e-con-full e-flex e-con e-child\" data-id=\"a6ed067\" data-element_type=\"container\" data-e-type=\"container\">\n\t\t\t\t<div class=\"elementor-element elementor-element-b8fba9e elementor-widget elementor-widget-heading\" data-id=\"b8fba9e\" data-element_type=\"widget\" data-e-type=\"widget\" data-widget_type=\"heading.default\">\n\t\t\t\t\t<h2 class=\"elementor-heading-title elementor-size-default\">E-mail: retronagrobki@gmail.com<\/h2>\t\t\t\t<\/div>\n\t\t\t\t<\/div>\n\t\t<div class=\"elementor-element elementor-element-e83958c e-con-full e-flex e-con e-child\" data-id=\"e83958c\" data-element_type=\"container\" data-e-type=\"container\">\n\t\t\t\t<div class=\"elementor-element elementor-element-6794614 gallery-spacing-custom elementor-widget elementor-widget-image-gallery\" data-id=\"6794614\" data-element_type=\"widget\" data-e-type=\"widget\" data-widget_type=\"image-gallery.default\">\n\t\t\t\t\t\t\t<div class=\"elementor-image-gallery\">\n\t\t\t<div id='gallery-1' class='gallery galleryid-7 gallery-columns-5 gallery-size-medium'><figure class='gallery-item'>\n\t\t\t<div class='gallery-icon portrait'>\n\t\t\t\t<a data-elementor-open-lightbox=\"yes\" data-elementor-lightbox-slideshow=\"6794614\" data-elementor-lightbox-title=\"NAGROBEK 1\" data-e-action-hash=\"#elementor-action%3Aaction%3Dlightbox%26settings%3DeyJpZCI6NTEsInVybCI6Imh0dHBzOlwvXC9yZXRyb25hZ3JvYmtpLnBsXC93cC1jb250ZW50XC91cGxvYWRzXC8yMDI2XC8wM1wvTkFHUk9CRUstMS5wbmciLCJzbGlkZXNob3ciOiI2Nzk0NjE0In0%3D\" href='https:\/\/retronagrobki.pl\/wp-content\/uploads\/2026\/03\/NAGROBEK-1.png'><img fetchpriority=\"high\" decoding=\"async\" width=\"200\" height=\"300\" src=\"https:\/\/retronagrobki.pl\/wp-content\/uploads\/2026\/03\/NAGROBEK-1-200x300.png\" class=\"attachment-medium size-medium\" alt=\"\" srcset=\"https:\/\/retronagrobki.pl\/wp-content\/uploads\/2026\/03\/NAGROBEK-1-200x300.png 200w, https:\/\/retronagrobki.pl\/wp-content\/uploads\/2026\/03\/NAGROBEK-1-683x1024.png 683w, https:\/\/retronagrobki.pl\/wp-content\/uploads\/2026\/03\/NAGROBEK-1-768x1152.png 768w, https:\/\/retronagrobki.pl\/wp-content\/uploads\/2026\/03\/NAGROBEK-1.png 1024w\" sizes=\"(max-width: 200px) 100vw, 200px\" \/><\/a>\n\t\t\t<\/div><\/figure><figure class='gallery-item'>\n\t\t\t<div class='gallery-icon portrait'>\n\t\t\t\t<a data-elementor-open-lightbox=\"yes\" data-elementor-lightbox-slideshow=\"6794614\" data-elementor-lightbox-title=\"NAGROBEK 2\" data-e-action-hash=\"#elementor-action%3Aaction%3Dlightbox%26settings%3DeyJpZCI6NTIsInVybCI6Imh0dHBzOlwvXC9yZXRyb25hZ3JvYmtpLnBsXC93cC1jb250ZW50XC91cGxvYWRzXC8yMDI2XC8wM1wvTkFHUk9CRUstMi5wbmciLCJzbGlkZXNob3ciOiI2Nzk0NjE0In0%3D\" href='https:\/\/retronagrobki.pl\/wp-content\/uploads\/2026\/03\/NAGROBEK-2.png'><img decoding=\"async\" width=\"200\" height=\"300\" src=\"https:\/\/retronagrobki.pl\/wp-content\/uploads\/2026\/03\/NAGROBEK-2-200x300.png\" class=\"attachment-medium size-medium\" alt=\"\" srcset=\"https:\/\/retronagrobki.pl\/wp-content\/uploads\/2026\/03\/NAGROBEK-2-200x300.png 200w, https:\/\/retronagrobki.pl\/wp-content\/uploads\/2026\/03\/NAGROBEK-2-683x1024.png 683w, https:\/\/retronagrobki.pl\/wp-content\/uploads\/2026\/03\/NAGROBEK-2-768x1152.png 768w, https:\/\/retronagrobki.pl\/wp-content\/uploads\/2026\/03\/NAGROBEK-2.png 1024w\" sizes=\"(max-width: 200px) 100vw, 200px\" \/><\/a>\n\t\t\t<\/div><\/figure><figure class='gallery-item'>\n\t\t\t<div class='gallery-icon portrait'>\n\t\t\t\t<a data-elementor-open-lightbox=\"yes\" data-elementor-lightbox-slideshow=\"6794614\" data-elementor-lightbox-title=\"NAGROBEK 3\" data-e-action-hash=\"#elementor-action%3Aaction%3Dlightbox%26settings%3DeyJpZCI6NTMsInVybCI6Imh0dHBzOlwvXC9yZXRyb25hZ3JvYmtpLnBsXC93cC1jb250ZW50XC91cGxvYWRzXC8yMDI2XC8wM1wvTkFHUk9CRUstMy5wbmciLCJzbGlkZXNob3ciOiI2Nzk0NjE0In0%3D\" href='https:\/\/retronagrobki.pl\/wp-content\/uploads\/2026\/03\/NAGROBEK-3.png'><img decoding=\"async\" width=\"200\" height=\"300\" src=\"https:\/\/retronagrobki.pl\/wp-content\/uploads\/2026\/03\/NAGROBEK-3-200x300.png\" class=\"attachment-medium size-medium\" alt=\"\" srcset=\"https:\/\/retronagrobki.pl\/wp-content\/uploads\/2026\/03\/NAGROBEK-3-200x300.png 200w, https:\/\/retronagrobki.pl\/wp-content\/uploads\/2026\/03\/NAGROBEK-3-683x1024.png 683w, https:\/\/retronagrobki.pl\/wp-content\/uploads\/2026\/03\/NAGROBEK-3-768x1152.png 768w, https:\/\/retronagrobki.pl\/wp-content\/uploads\/2026\/03\/NAGROBEK-3.png 1024w\" sizes=\"(max-width: 200px) 100vw, 200px\" \/><\/a>\n\t\t\t<\/div><\/figure><figure class='gallery-item'>\n\t\t\t<div class='gallery-icon portrait'>\n\t\t\t\t<a data-elementor-open-lightbox=\"yes\" data-elementor-lightbox-slideshow=\"6794614\" data-elementor-lightbox-title=\"NAGROBEK 4\" data-e-action-hash=\"#elementor-action%3Aaction%3Dlightbox%26settings%3DeyJpZCI6NTQsInVybCI6Imh0dHBzOlwvXC9yZXRyb25hZ3JvYmtpLnBsXC93cC1jb250ZW50XC91cGxvYWRzXC8yMDI2XC8wM1wvTkFHUk9CRUstNC5qcGciLCJzbGlkZXNob3ciOiI2Nzk0NjE0In0%3D\" href='https:\/\/retronagrobki.pl\/wp-content\/uploads\/2026\/03\/NAGROBEK-4.jpg'><img loading=\"lazy\" decoding=\"async\" width=\"200\" height=\"300\" src=\"https:\/\/retronagrobki.pl\/wp-content\/uploads\/2026\/03\/NAGROBEK-4-200x300.jpg\" class=\"attachment-medium size-medium\" alt=\"\" srcset=\"https:\/\/retronagrobki.pl\/wp-content\/uploads\/2026\/03\/NAGROBEK-4-200x300.jpg 200w, https:\/\/retronagrobki.pl\/wp-content\/uploads\/2026\/03\/NAGROBEK-4-683x1024.jpg 683w, https:\/\/retronagrobki.pl\/wp-content\/uploads\/2026\/03\/NAGROBEK-4-768x1152.jpg 768w, https:\/\/retronagrobki.pl\/wp-content\/uploads\/2026\/03\/NAGROBEK-4.jpg 1024w\" sizes=\"(max-width: 200px) 100vw, 200px\" \/><\/a>\n\t\t\t<\/div><\/figure><figure class='gallery-item'>\n\t\t\t<div class='gallery-icon portrait'>\n\t\t\t\t<a data-elementor-open-lightbox=\"yes\" data-elementor-lightbox-slideshow=\"6794614\" data-elementor-lightbox-title=\"NAGROBEK 5\" data-e-action-hash=\"#elementor-action%3Aaction%3Dlightbox%26settings%3DeyJpZCI6NTUsInVybCI6Imh0dHBzOlwvXC9yZXRyb25hZ3JvYmtpLnBsXC93cC1jb250ZW50XC91cGxvYWRzXC8yMDI2XC8wM1wvTkFHUk9CRUstNS5qcGciLCJzbGlkZXNob3ciOiI2Nzk0NjE0In0%3D\" href='https:\/\/retronagrobki.pl\/wp-content\/uploads\/2026\/03\/NAGROBEK-5.jpg'><img loading=\"lazy\" decoding=\"async\" width=\"200\" height=\"300\" src=\"https:\/\/retronagrobki.pl\/wp-content\/uploads\/2026\/03\/NAGROBEK-5-200x300.jpg\" class=\"attachment-medium size-medium\" alt=\"\" srcset=\"https:\/\/retronagrobki.pl\/wp-content\/uploads\/2026\/03\/NAGROBEK-5-200x300.jpg 200w, https:\/\/retronagrobki.pl\/wp-content\/uploads\/2026\/03\/NAGROBEK-5-683x1024.jpg 683w, https:\/\/retronagrobki.pl\/wp-content\/uploads\/2026\/03\/NAGROBEK-5-768x1152.jpg 768w, https:\/\/retronagrobki.pl\/wp-content\/uploads\/2026\/03\/NAGROBEK-5.jpg 1024w\" sizes=\"(max-width: 200px) 100vw, 200px\" \/><\/a>\n\t\t\t<\/div><\/figure><figure class='gallery-item'>\n\t\t\t<div class='gallery-icon portrait'>\n\t\t\t\t<a data-elementor-open-lightbox=\"yes\" data-elementor-lightbox-slideshow=\"6794614\" data-elementor-lightbox-title=\"NAGROBEK 6\" data-e-action-hash=\"#elementor-action%3Aaction%3Dlightbox%26settings%3DeyJpZCI6NTYsInVybCI6Imh0dHBzOlwvXC9yZXRyb25hZ3JvYmtpLnBsXC93cC1jb250ZW50XC91cGxvYWRzXC8yMDI2XC8wM1wvTkFHUk9CRUstNi5wbmciLCJzbGlkZXNob3ciOiI2Nzk0NjE0In0%3D\" href='https:\/\/retronagrobki.pl\/wp-content\/uploads\/2026\/03\/NAGROBEK-6.png'><img loading=\"lazy\" decoding=\"async\" width=\"200\" height=\"300\" src=\"https:\/\/retronagrobki.pl\/wp-content\/uploads\/2026\/03\/NAGROBEK-6-200x300.png\" class=\"attachment-medium size-medium\" alt=\"\" srcset=\"https:\/\/retronagrobki.pl\/wp-content\/uploads\/2026\/03\/NAGROBEK-6-200x300.png 200w, https:\/\/retronagrobki.pl\/wp-content\/uploads\/2026\/03\/NAGROBEK-6-683x1024.png 683w, https:\/\/retronagrobki.pl\/wp-content\/uploads\/2026\/03\/NAGROBEK-6-768x1152.png 768w, https:\/\/retronagrobki.pl\/wp-content\/uploads\/2026\/03\/NAGROBEK-6.png 1024w\" sizes=\"(max-width: 200px) 100vw, 200px\" \/><\/a>\n\t\t\t<\/div><\/figure><figure class='gallery-item'>\n\t\t\t<div class='gallery-icon portrait'>\n\t\t\t\t<a data-elementor-open-lightbox=\"yes\" data-elementor-lightbox-slideshow=\"6794614\" data-elementor-lightbox-title=\"NAGROBEK 7\" data-e-action-hash=\"#elementor-action%3Aaction%3Dlightbox%26settings%3DeyJpZCI6NTcsInVybCI6Imh0dHBzOlwvXC9yZXRyb25hZ3JvYmtpLnBsXC93cC1jb250ZW50XC91cGxvYWRzXC8yMDI2XC8wM1wvTkFHUk9CRUstNy5qcGciLCJzbGlkZXNob3ciOiI2Nzk0NjE0In0%3D\" href='https:\/\/retronagrobki.pl\/wp-content\/uploads\/2026\/03\/NAGROBEK-7.jpg'><img loading=\"lazy\" decoding=\"async\" width=\"202\" height=\"300\" src=\"https:\/\/retronagrobki.pl\/wp-content\/uploads\/2026\/03\/NAGROBEK-7-202x300.jpg\" class=\"attachment-medium size-medium\" alt=\"\" srcset=\"https:\/\/retronagrobki.pl\/wp-content\/uploads\/2026\/03\/NAGROBEK-7-202x300.jpg 202w, https:\/\/retronagrobki.pl\/wp-content\/uploads\/2026\/03\/NAGROBEK-7-688x1024.jpg 688w, https:\/\/retronagrobki.pl\/wp-content\/uploads\/2026\/03\/NAGROBEK-7-768x1143.jpg 768w, https:\/\/retronagrobki.pl\/wp-content\/uploads\/2026\/03\/NAGROBEK-7.jpg 1024w\" sizes=\"(max-width: 202px) 100vw, 202px\" \/><\/a>\n\t\t\t<\/div><\/figure><figure class='gallery-item'>\n\t\t\t<div class='gallery-icon portrait'>\n\t\t\t\t<a data-elementor-open-lightbox=\"yes\" data-elementor-lightbox-slideshow=\"6794614\" data-elementor-lightbox-title=\"NAGROBEK 8\" data-e-action-hash=\"#elementor-action%3Aaction%3Dlightbox%26settings%3DeyJpZCI6NTgsInVybCI6Imh0dHBzOlwvXC9yZXRyb25hZ3JvYmtpLnBsXC93cC1jb250ZW50XC91cGxvYWRzXC8yMDI2XC8wM1wvTkFHUk9CRUstOC5qcGciLCJzbGlkZXNob3ciOiI2Nzk0NjE0In0%3D\" href='https:\/\/retronagrobki.pl\/wp-content\/uploads\/2026\/03\/NAGROBEK-8.jpg'><img loading=\"lazy\" decoding=\"async\" width=\"200\" height=\"300\" src=\"https:\/\/retronagrobki.pl\/wp-content\/uploads\/2026\/03\/NAGROBEK-8-200x300.jpg\" class=\"attachment-medium size-medium\" alt=\"\" srcset=\"https:\/\/retronagrobki.pl\/wp-content\/uploads\/2026\/03\/NAGROBEK-8-200x300.jpg 200w, https:\/\/retronagrobki.pl\/wp-content\/uploads\/2026\/03\/NAGROBEK-8-683x1024.jpg 683w, https:\/\/retronagrobki.pl\/wp-content\/uploads\/2026\/03\/NAGROBEK-8-768x1152.jpg 768w, https:\/\/retronagrobki.pl\/wp-content\/uploads\/2026\/03\/NAGROBEK-8.jpg 1024w\" sizes=\"(max-width: 200px) 100vw, 200px\" \/><\/a>\n\t\t\t<\/div><\/figure><figure class='gallery-item'>\n\t\t\t<div class='gallery-icon portrait'>\n\t\t\t\t<a data-elementor-open-lightbox=\"yes\" data-elementor-lightbox-slideshow=\"6794614\" data-elementor-lightbox-title=\"NAGROBEK 9\" data-e-action-hash=\"#elementor-action%3Aaction%3Dlightbox%26settings%3DeyJpZCI6NTksInVybCI6Imh0dHBzOlwvXC9yZXRyb25hZ3JvYmtpLnBsXC93cC1jb250ZW50XC91cGxvYWRzXC8yMDI2XC8wM1wvTkFHUk9CRUstOS5qcGciLCJzbGlkZXNob3ciOiI2Nzk0NjE0In0%3D\" href='https:\/\/retronagrobki.pl\/wp-content\/uploads\/2026\/03\/NAGROBEK-9.jpg'><img loading=\"lazy\" decoding=\"async\" width=\"200\" height=\"300\" src=\"https:\/\/retronagrobki.pl\/wp-content\/uploads\/2026\/03\/NAGROBEK-9-200x300.jpg\" class=\"attachment-medium size-medium\" alt=\"\" srcset=\"https:\/\/retronagrobki.pl\/wp-content\/uploads\/2026\/03\/NAGROBEK-9-200x300.jpg 200w, https:\/\/retronagrobki.pl\/wp-content\/uploads\/2026\/03\/NAGROBEK-9-683x1024.jpg 683w, https:\/\/retronagrobki.pl\/wp-content\/uploads\/2026\/03\/NAGROBEK-9-768x1152.jpg 768w, https:\/\/retronagrobki.pl\/wp-content\/uploads\/2026\/03\/NAGROBEK-9.jpg 1024w\" sizes=\"(max-width: 200px) 100vw, 200px\" \/><\/a>\n\t\t\t<\/div><\/figure><figure class='gallery-item'>\n\t\t\t<div class='gallery-icon landscape'>\n\t\t\t\t<a data-elementor-open-lightbox=\"yes\" data-elementor-lightbox-slideshow=\"6794614\" data-elementor-lightbox-title=\"NAGROBEK 10\" data-e-action-hash=\"#elementor-action%3Aaction%3Dlightbox%26settings%3DeyJpZCI6NjAsInVybCI6Imh0dHBzOlwvXC9yZXRyb25hZ3JvYmtpLnBsXC93cC1jb250ZW50XC91cGxvYWRzXC8yMDI2XC8wM1wvTkFHUk9CRUstMTAuanBnIiwic2xpZGVzaG93IjoiNjc5NDYxNCJ9\" href='https:\/\/retronagrobki.pl\/wp-content\/uploads\/2026\/03\/NAGROBEK-10.jpg'><img loading=\"lazy\" decoding=\"async\" width=\"300\" height=\"200\" src=\"https:\/\/retronagrobki.pl\/wp-content\/uploads\/2026\/03\/NAGROBEK-10-300x200.jpg\" class=\"attachment-medium size-medium\" alt=\"\" srcset=\"https:\/\/retronagrobki.pl\/wp-content\/uploads\/2026\/03\/NAGROBEK-10-300x200.jpg 300w, https:\/\/retronagrobki.pl\/wp-content\/uploads\/2026\/03\/NAGROBEK-10-1024x683.jpg 1024w, https:\/\/retronagrobki.pl\/wp-content\/uploads\/2026\/03\/NAGROBEK-10-768x512.jpg 768w, https:\/\/retronagrobki.pl\/wp-content\/uploads\/2026\/03\/NAGROBEK-10.jpg 1536w\" sizes=\"(max-width: 300px) 100vw, 300px\" \/><\/a>\n\t\t\t<\/div><\/figure>\n\t\t<\/div>\n\t\t<\/div>\n\t\t\t\t\t\t<\/div>\n\t\t\t\t<\/div>\n\t\t\t\t\t<\/div>\n\t\t\t\t<\/div>\n\t\t\t\t<\/div>\n\t\t","protected":false},"excerpt":{"rendered":"<p>Dzie\u0144 dobry Pa\u0144stwu, Nagrobki Retro Nagrobki Retro oferuj\u0105 swoim klientom pomniki, kt\u00f3re b\u0119d\u0105 \u201e\u017cy\u0107\u201d i b\u0119d\u0105 pi\u0119knie si\u0119 starze\u0107. Do zobaczenia Retro Nagrobki bazuj\u0105 na strzegomskim granicie. Wykonujemy je z surowego kamienia technikami p\u0142omieniowania, piaskowania i \u015brutowania, kt\u00f3re pozwalaj\u0105 odda\u0107 surowe pi\u0119kno kamienia. Firma dzia\u0142a na terenie wojew\u00f3dztwa dolno\u015bl\u0105skiego i o\u015bciennych. Ciekawe oferty zrealizujemy r\u00f3wnie\u017c [&hellip;]<\/p>\n","protected":false},"author":1,"featured_media":0,"parent":0,"menu_order":0,"comment_status":"closed","ping_status":"closed","template":"elementor_canvas","meta":{"footnotes":""},"class_list":["post-7","page","type-page","status-publish","hentry"],"_links":{"self":[{"href":"https:\/\/retronagrobki.pl\/index.php?rest_route=\/wp\/v2\/pages\/7","targetHints":{"allow":["GET"]}}],"collection":[{"href":"https:\/\/retronagrobki.pl\/index.php?rest_route=\/wp\/v2\/pages"}],"about":[{"href":"https:\/\/retronagrobki.pl\/index.php?rest_route=\/wp\/v2\/types\/page"}],"author":[{"embeddable":true,"href":"https:\/\/retronagrobki.pl\/index.php?rest_route=\/wp\/v2\/users\/1"}],"replies":[{"embeddable":true,"href":"https:\/\/retronagrobki.pl\/index.php?rest_route=%2Fwp%2Fv2%2Fcomments&post=7"}],"version-history":[{"count":19,"href":"https:\/\/retronagrobki.pl\/index.php?rest_route=\/wp\/v2\/pages\/7\/revisions"}],"predecessor-version":[{"id":63,"href":"https:\/\/retronagrobki.pl\/index.php?rest_route=\/wp\/v2\/pages\/7\/revisions\/63"}],"wp:attachment":[{"href":"https:\/\/retronagrobki.pl\/index.php?rest_route=%2Fwp%2Fv2%2Fmedia&parent=7"}],"curies":[{"name":"wp","href":"https:\/\/api.w.org\/{rel}","templated":true}]}}